{"id":776,"date":"2022-07-22T13:43:39","date_gmt":"2022-07-22T13:43:39","guid":{"rendered":"https:\/\/coresdevelopment.be\/algemene-voorwaarden\/"},"modified":"2025-12-12T12:36:44","modified_gmt":"2025-12-12T12:36:44","slug":"conditions-generales","status":"publish","type":"page","link":"https:\/\/coresdevelopment.be\/fr\/conditions-generales\/","title":{"rendered":"conditions g\u00e9n\u00e9rales"},"content":{"rendered":"\n<div style=\"height:61px\" aria-hidden=\"true\" class=\"wp-block-spacer\"><\/div>\n\n\n\n<h2 class=\"wp-block-heading has-text-align-center\">conditions g\u00e9n\u00e9rales<\/h2>\n\n\n\n<div class=\"wp-block-columns is-layout-flex wp-container-core-columns-is-layout-1 wp-block-columns-is-layout-flex\">\n<div class=\"wp-block-column is-layout-flow wp-block-column-is-layout-flow\">\n<div class=\"wp-block-buttons is-layout-flex wp-block-buttons-is-layout-flex\">\n<div class=\"wp-block-button\"><a class=\"wp-block-button__link has-primary-500-background-color has-background wp-element-button\" href=\"https:\/\/coresdevelopment.be\/fr\/conditions-generales-generales\/\" style=\"border-radius:0px\">CONDITIONS G\u00e9N\u00e9RALES<\/a><\/div>\n<\/div>\n<\/div>\n\n\n\n<div class=\"wp-block-column is-layout-flow wp-block-column-is-layout-flow\">\n<div class=\"wp-block-buttons is-layout-flex wp-block-buttons-is-layout-flex\">\n<div class=\"wp-block-button\"><a class=\"wp-block-button__link has-primary-500-background-color has-background wp-element-button\" href=\"https:\/\/coresdevelopment.be\/fr\/conditions-generales-bureaux-detudes\/\" style=\"border-radius:0px\">CONDITIONS G\u00e9N\u00e9RALES <br>DES BUREAUX D&#8217;\u00c9TUDES<\/a><\/div>\n<\/div>\n<\/div>\n<\/div>\n","protected":false},"excerpt":{"rendered":"<p>conditions g\u00e9n\u00e9rales<\/p>\n","protected":false},"author":1,"featured_media":0,"parent":0,"menu_order":0,"comment_status":"closed","ping_status":"closed","template":"","meta":{"_acf_changed":false,"footnotes":""},"class_list":["post-776","page","type-page","status-publish","hentry"],"acf":[],"yoast_head":"<!-- This site is optimized with the Yoast SEO plugin v24.9 - https:\/\/yoast.com\/wordpress\/plugins\/seo\/ -->\n<title>conditions g\u00e9n\u00e9rales - Cores Development<\/title>\n<meta name=\"robots\" content=\"index, follow, max-snippet:-1, max-image-preview:large, max-video-preview:-1\" \/>\n<link rel=\"canonical\" href=\"https:\/\/coresdevelopment.be\/fr\/conditions-generales\/\" \/>\n<meta property=\"og:locale\" content=\"fr_FR\" \/>\n<meta property=\"og:type\" content=\"article\" \/>\n<meta property=\"og:title\" content=\"conditions g\u00e9n\u00e9rales - Cores Development\" \/>\n<meta property=\"og:description\" content=\"conditions g\u00e9n\u00e9rales\" \/>\n<meta property=\"og:url\" content=\"https:\/\/coresdevelopment.be\/fr\/conditions-generales\/\" \/>\n<meta property=\"og:site_name\" content=\"Cores Development\" \/>\n<meta property=\"article:modified_time\" content=\"2025-12-12T12:36:44+00:00\" \/>\n<meta name=\"twitter:card\" content=\"summary_large_image\" \/>\n<meta name=\"twitter:label1\" content=\"Est. reading time\" \/>\n\t<meta name=\"twitter:data1\" content=\"1 minute\" \/>\n<script type=\"application\/ld+json\" class=\"yoast-schema-graph\">{\"@context\":\"https:\/\/schema.org\",\"@graph\":[{\"@type\":\"WebPage\",\"@id\":\"https:\/\/coresdevelopment.be\/fr\/conditions-generales\/\",\"url\":\"https:\/\/coresdevelopment.be\/fr\/conditions-generales\/\",\"name\":\"conditions g\u00e9n\u00e9rales - Cores Development\",\"isPartOf\":{\"@id\":\"https:\/\/coresdevelopment.be\/#website\"},\"datePublished\":\"2022-07-22T13:43:39+00:00\",\"dateModified\":\"2025-12-12T12:36:44+00:00\",\"breadcrumb\":{\"@id\":\"https:\/\/coresdevelopment.be\/fr\/conditions-generales\/#breadcrumb\"},\"inLanguage\":\"fr-FR\",\"potentialAction\":[{\"@type\":\"ReadAction\",\"target\":[\"https:\/\/coresdevelopment.be\/fr\/conditions-generales\/\"]}]},{\"@type\":\"BreadcrumbList\",\"@id\":\"https:\/\/coresdevelopment.be\/fr\/conditions-generales\/#breadcrumb\",\"itemListElement\":[{\"@type\":\"ListItem\",\"position\":1,\"name\":\"Home\",\"item\":\"https:\/\/coresdevelopment.be\/fr\/\"},{\"@type\":\"ListItem\",\"position\":2,\"name\":\"conditions g\u00e9n\u00e9rales\"}]},{\"@type\":\"WebSite\",\"@id\":\"https:\/\/coresdevelopment.be\/#website\",\"url\":\"https:\/\/coresdevelopment.be\/\",\"name\":\"Cores Development\",\"description\":\"En nog een WordPress site\",\"potentialAction\":[{\"@type\":\"SearchAction\",\"target\":{\"@type\":\"EntryPoint\",\"urlTemplate\":\"https:\/\/coresdevelopment.be\/?s={search_term_string}\"},\"query-input\":{\"@type\":\"PropertyValueSpecification\",\"valueRequired\":true,\"valueName\":\"search_term_string\"}}],\"inLanguage\":\"fr-FR\"}]}<\/script>\n<!-- \/ Yoast SEO plugin. -->","yoast_head_json":{"title":"conditions g\u00e9n\u00e9rales - Cores Development","robots":{"index":"index","follow":"follow","max-snippet":"max-snippet:-1","max-image-preview":"max-image-preview:large","max-video-preview":"max-video-preview:-1"},"canonical":"https:\/\/coresdevelopment.be\/fr\/conditions-generales\/","og_locale":"fr_FR","og_type":"article","og_title":"conditions g\u00e9n\u00e9rales - Cores Development","og_description":"conditions g\u00e9n\u00e9rales","og_url":"https:\/\/coresdevelopment.be\/fr\/conditions-generales\/","og_site_name":"Cores Development","article_modified_time":"2025-12-12T12:36:44+00:00","twitter_card":"summary_large_image","twitter_misc":{"Est. reading time":"1 minute"},"schema":{"@context":"https:\/\/schema.org","@graph":[{"@type":"WebPage","@id":"https:\/\/coresdevelopment.be\/fr\/conditions-generales\/","url":"https:\/\/coresdevelopment.be\/fr\/conditions-generales\/","name":"conditions g\u00e9n\u00e9rales - Cores Development","isPartOf":{"@id":"https:\/\/coresdevelopment.be\/#website"},"datePublished":"2022-07-22T13:43:39+00:00","dateModified":"2025-12-12T12:36:44+00:00","breadcrumb":{"@id":"https:\/\/coresdevelopment.be\/fr\/conditions-generales\/#breadcrumb"},"inLanguage":"fr-FR","potentialAction":[{"@type":"ReadAction","target":["https:\/\/coresdevelopment.be\/fr\/conditions-generales\/"]}]},{"@type":"BreadcrumbList","@id":"https:\/\/coresdevelopment.be\/fr\/conditions-generales\/#breadcrumb","itemListElement":[{"@type":"ListItem","position":1,"name":"Home","item":"https:\/\/coresdevelopment.be\/fr\/"},{"@type":"ListItem","position":2,"name":"conditions g\u00e9n\u00e9rales"}]},{"@type":"WebSite","@id":"https:\/\/coresdevelopment.be\/#website","url":"https:\/\/coresdevelopment.be\/","name":"Cores Development","description":"En nog een WordPress site","potentialAction":[{"@type":"SearchAction","target":{"@type":"EntryPoint","urlTemplate":"https:\/\/coresdevelopment.be\/?s={search_term_string}"},"query-input":{"@type":"PropertyValueSpecification","valueRequired":true,"valueName":"search_term_string"}}],"inLanguage":"fr-FR"}]}},"_links":{"self":[{"href":"https:\/\/coresdevelopment.be\/fr\/wp-json\/wp\/v2\/pages\/776","targetHints":{"allow":["GET"]}}],"collection":[{"href":"https:\/\/coresdevelopment.be\/fr\/wp-json\/wp\/v2\/pages"}],"about":[{"href":"https:\/\/coresdevelopment.be\/fr\/wp-json\/wp\/v2\/types\/page"}],"author":[{"embeddable":true,"href":"https:\/\/coresdevelopment.be\/fr\/wp-json\/wp\/v2\/users\/1"}],"replies":[{"embeddable":true,"href":"https:\/\/coresdevelopment.be\/fr\/wp-json\/wp\/v2\/comments?post=776"}],"version-history":[{"count":2,"href":"https:\/\/coresdevelopment.be\/fr\/wp-json\/wp\/v2\/pages\/776\/revisions"}],"predecessor-version":[{"id":17328,"href":"https:\/\/coresdevelopment.be\/fr\/wp-json\/wp\/v2\/pages\/776\/revisions\/17328"}],"wp:attachment":[{"href":"https:\/\/coresdevelopment.be\/fr\/wp-json\/wp\/v2\/media?parent=776"}],"curies":[{"name":"wp","href":"https:\/\/api.w.org\/{rel}","templated":true}]}}