{"id":791,"date":"2022-07-22T13:42:26","date_gmt":"2022-07-22T13:42:26","guid":{"rendered":"https:\/\/coresdevelopment.be\/jobs\/"},"modified":"2022-09-22T13:41:12","modified_gmt":"2022-09-22T13:41:12","slug":"jobs","status":"publish","type":"page","link":"https:\/\/coresdevelopment.be\/fr\/jobs\/","title":{"rendered":"Jobs"},"content":{"rendered":"<div\n    class=\"wp-block-spotlight-text-with-image wp-blocks-block  alignwide\"\n>\n    <div\n        class=\"flex flex-col-reverse lg:flex-row w-full lg:flex-row-reverse\"\n    >\n        <div\n            class=\"p-6 lg:p-8 w-full lg:w-2\/5 wysiwyg-list-checkbox wysiwyg-link-orange text-gray-300 wysiwyg-no-padding lg:pl-16\"\n        >\n                            <div class=\"font-light uppercase leading-relaxed text-3xl is-style-heading-underlined\">\n                    ETES-VOUS NOTRE NOUVEAU TALENT?\n                <\/div>\n                                        <p>\n                    <p>Nos collaborateurs sont des sp\u00e9cialistes passionn\u00e9s par leur m\u00e9tier. CORES est convaincu que seules des personnes exceptionnelles peuvent mener \u00e0 des r\u00e9sultats exceptionnels. Cela se traduit de diff\u00e9rentes mani\u00e8res : par exemple, chez nous un nouveau projet ne d\u00e9marre d\u00e9finitivement que lorsque tout le monde est convaincu en interne. De cette mani\u00e8re, nous impliquons tous nos collaborateurs afin d\u2019aboutir au meilleur produit. Vous souhaitez vous aussi contribuer \u00e0 la r\u00e9alisation de nos projets immobiliers couronn\u00e9s de succ\u00e8s ? Peut-\u00eatre que l&#8217;un des postes vacants ci-dessous est fait pour vous.<\/p>\n\n                <\/p>\n                        <div class=\"mt-4\">\n                                    <a href=\"https:\/\/coresdevelopment.be\/fr\/team\/\" class=\"uppercase text-primary-500 hover:text-white hover:bg-primary-500 -ml-4 p-2 transition delay-50 tracking-widest text-sm font-semibold !no-underline\">\n                        &plus; Notre \u00e9quipe\n                    <\/a>\n                            <\/div>\n        <\/div>\n\n        <div\n        class=\"relative h-full image-slider w-full lg:w-3\/5\"\n>\n            <div x-ref=\"interactiveSlider\">\n                                            <div>\n                    <img decoding=\"async\"\n    src=\"https:\/\/coresdevelopment.be\/uploads\/2022\/09\/cores2016_overcores_jobs.jpeg\" alt=\"\" srcset=\"https:\/\/coresdevelopment.be\/uploads\/2022\/09\/cores2016_overcores_jobs-300x190.jpeg 300w, https:\/\/coresdevelopment.be\/uploads\/2022\/09\/cores2016_overcores_jobs.jpeg 720w\" width=\"720\" height=\"455\" loading=\"lazy\" class=\"!border-none w-full h-full object-contain\"\n>\n                <\/div>\n                    <\/div>\n            <\/div>\n    <\/div>\n<\/div>\n\n\n<div\n    class=\"grid grid-cols-1 lg:grid-cols-2 gap-4 my-8 container wp-blocks-block  alignwide\"\n>\n    <\/div>\n\n\n<div\n    class=\"wp-blocks-block  alignwide\"\n>\n    <div\n        class=\"border mt-16 mx-auto flex flex-col items-center w-full border-primary-500\"\n    >\n                    <div class=\"max-w-screen-md mx-4\">\n                <div class=\"text-center -translate-y-8 bg-white px-4 md:px-8 py-2 text-2xl uppercase font-light\">\n                    Pas trouv\u00e9 votre fonction id\u00e9al ? Pas de probl\u00e8me, peut-\u00eatre votre profil correspond au CORES Development. Dites-nous pourquoi vous seriez la personne id\u00e9ale pour se joindre \u00e0 notre \u00e9quipe.\n                <\/div>\n                <div class=\"w-20 h-1 bg-orange-500 mx-auto mb-4 -mt-4\"><\/div>\n            <\/div>\n                <div class=\"py-8 px-4 md:px-32 lg:px-44 xl:px-56 w-full\">\n            <div class=\"inner-blocks\">\n    \n<script type=\"text\/javascript\">\n\/* <![CDATA[ *\/\nvar gform;gform||(document.addEventListener(\"gform_main_scripts_loaded\",function(){gform.scriptsLoaded=!0}),document.addEventListener(\"gform\/theme\/scripts_loaded\",function(){gform.themeScriptsLoaded=!0}),window.addEventListener(\"DOMContentLoaded\",function(){gform.domLoaded=!0}),gform={domLoaded:!1,scriptsLoaded:!1,themeScriptsLoaded:!1,isFormEditor:()=>\"function\"==typeof InitializeEditor,callIfLoaded:function(o){return!(!gform.domLoaded||!gform.scriptsLoaded||!gform.themeScriptsLoaded&&!gform.isFormEditor()||(gform.isFormEditor()&&console.warn(\"The use of gform.initializeOnLoaded() is deprecated in the form editor context and will be removed in Gravity Forms 3.1.\"),o(),0))},initializeOnLoaded:function(o){gform.callIfLoaded(o)||(document.addEventListener(\"gform_main_scripts_loaded\",()=>{gform.scriptsLoaded=!0,gform.callIfLoaded(o)}),document.addEventListener(\"gform\/theme\/scripts_loaded\",()=>{gform.themeScriptsLoaded=!0,gform.callIfLoaded(o)}),window.addEventListener(\"DOMContentLoaded\",()=>{gform.domLoaded=!0,gform.callIfLoaded(o)}))},hooks:{action:{},filter:{}},addAction:function(o,r,e,t){gform.addHook(\"action\",o,r,e,t)},addFilter:function(o,r,e,t){gform.addHook(\"filter\",o,r,e,t)},doAction:function(o){gform.doHook(\"action\",o,arguments)},applyFilters:function(o){return gform.doHook(\"filter\",o,arguments)},removeAction:function(o,r){gform.removeHook(\"action\",o,r)},removeFilter:function(o,r,e){gform.removeHook(\"filter\",o,r,e)},addHook:function(o,r,e,t,n){null==gform.hooks[o][r]&&(gform.hooks[o][r]=[]);var d=gform.hooks[o][r];null==n&&(n=r+\"_\"+d.length),gform.hooks[o][r].push({tag:n,callable:e,priority:t=null==t?10:t})},doHook:function(r,o,e){var t;if(e=Array.prototype.slice.call(e,1),null!=gform.hooks[r][o]&&((o=gform.hooks[r][o]).sort(function(o,r){return o.priority-r.priority}),o.forEach(function(o){\"function\"!=typeof(t=o.callable)&&(t=window[t]),\"action\"==r?t.apply(null,e):e[0]=t.apply(null,e)})),\"filter\"==r)return e[0]},removeHook:function(o,r,t,n){var e;null!=gform.hooks[o][r]&&(e=(e=gform.hooks[o][r]).filter(function(o,r,e){return!!(null!=n&&n!=o.tag||null!=t&&t!=o.priority)}),gform.hooks[o][r]=e)}});\n\/* ]]> *\/\n<\/script>\n\n                <div class='gf_browser_gecko gform_wrapper gravity-theme gform-theme--no-framework' data-form-theme='gravity-theme' data-form-index='0' id='gform_wrapper_5' >\n                        <div class='gform_heading'>\n\t\t\t\t\t\t\t<p class='gform_required_legend'>&quot;<span class=\"gfield_required gfield_required_asterisk\">*<\/span>&quot; indicates required fields<\/p>\n                        <\/div><form method='post' enctype='multipart\/form-data'  id='gform_5'  action='\/fr\/wp-json\/wp\/v2\/pages\/791' data-formid='5' novalidate>\n                        <div class='gform-body gform_body'><div id='gform_fields_5' class='gform_fields top_label form_sublabel_below description_below validation_below'><div id=\"field_5_1\" class=\"gfield gfield--type-text gfield_contains_required field_sublabel_below gfield--no-description field_description_below field_validation_below gfield_visibility_visible\"  ><label class='gfield_label gform-field-label' for='input_5_1'>Pr\u00e9nom<span class=\"gfield_required\"><span class=\"gfield_required gfield_required_asterisk\">*<\/span><\/span><\/label><div class='ginput_container ginput_container_text'><input name='input_1' id='input_5_1' type='text' value='' class='large'     aria-required=\"true\" aria-invalid=\"false\"   \/><\/div><\/div><div id=\"field_5_3\" class=\"gfield gfield--type-text gfield--width-full gfield_contains_required field_sublabel_below gfield--no-description field_description_below field_validation_below gfield_visibility_visible\"  ><label class='gfield_label gform-field-label' for='input_5_3'>Nom de famille<span class=\"gfield_required\"><span class=\"gfield_required gfield_required_asterisk\">*<\/span><\/span><\/label><div class='ginput_container ginput_container_text'><input name='input_3' id='input_5_3' type='text' value='' class='large'     aria-required=\"true\" aria-invalid=\"false\"   \/><\/div><\/div><div id=\"field_5_5\" class=\"gfield gfield--type-email gfield--width-full gfield_contains_required field_sublabel_below gfield--no-description field_description_below field_validation_below gfield_visibility_visible\"  ><label class='gfield_label gform-field-label' for='input_5_5'>E-mail<span class=\"gfield_required\"><span class=\"gfield_required gfield_required_asterisk\">*<\/span><\/span><\/label><div class='ginput_container ginput_container_email'>\n                            <input name='input_5' id='input_5_5' type='email' value='' class='large'    aria-required=\"true\" aria-invalid=\"false\"  \/>\n                        <\/div><\/div><div id=\"field_5_6\" class=\"gfield gfield--type-phone gfield--width-full field_sublabel_below gfield--no-description field_description_below field_validation_below gfield_visibility_visible\"  ><label class='gfield_label gform-field-label' for='input_5_6'>T\u00e9l\u00e9phone\/Mobile<\/label><div class='ginput_container ginput_container_phone'><input name='input_6' id='input_5_6' type='tel' value='' class='large'    aria-invalid=\"false\"   \/><\/div><\/div><div id=\"field_5_7\" class=\"gfield gfield--type-phone gfield--width-full field_sublabel_below gfield--no-description field_description_below field_validation_below gfield_visibility_visible\"  ><label class='gfield_label gform-field-label' for='input_5_7'>Mobile<\/label><div class='ginput_container ginput_container_phone'><input name='input_7' id='input_5_7' type='tel' value='' class='large'    aria-invalid=\"false\"   \/><\/div><\/div><div id=\"field_5_10\" class=\"gfield gfield--type-fileupload gfield--width-full field_sublabel_below gfield--no-description field_description_below field_validation_below gfield_visibility_visible\"  ><label class='gfield_label gform-field-label' for='input_5_10'>CV Upload<\/label><div class='ginput_container ginput_container_fileupload'><input type='hidden' name='MAX_FILE_SIZE' value='51200000' \/><input name='input_10' id='input_5_10' type='file' class='large' aria-describedby=\"gfield_upload_rules_5_10\" onchange='javascript:gformValidateFileSize( this, 51200000 );'  \/><span class='gfield_description gform_fileupload_rules' id='gfield_upload_rules_5_10'>Max. file size: 49 MB.<\/span><div class='gfield_description validation_message gfield_validation_message validation_message--hidden-on-empty' id='live_validation_message_5_10'><\/div> <\/div><\/div><div id=\"field_5_8\" class=\"gfield gfield--type-textarea gfield--width-full gfield_contains_required field_sublabel_below gfield--no-description field_description_below field_validation_below gfield_visibility_visible\"  ><label class='gfield_label gform-field-label' for='input_5_8'>Commentaires<span class=\"gfield_required\"><span class=\"gfield_required gfield_required_asterisk\">*<\/span><\/span><\/label><div class='ginput_container ginput_container_textarea'><textarea name='input_8' id='input_5_8' class='form-control textarea large'     aria-required=\"true\" aria-invalid=\"false\"   rows='10' cols='50'><\/textarea><\/div><\/div><fieldset id=\"field_5_9\" class=\"gfield gfield--type-consent gfield--type-choice gfield--input-type-consent gfield_contains_required field_sublabel_below gfield--no-description field_description_below hidden_label field_validation_below gfield_visibility_visible\"  ><legend class='gfield_label gform-field-label gfield_label_before_complex' >Toestemming<span class=\"gfield_required\"><span class=\"gfield_required gfield_required_asterisk\">*<\/span><\/span><\/legend><div class='ginput_container ginput_container_consent'><input name='input_9.1' id='input_5_9_1' type='checkbox' value='1'   aria-required=\"true\" aria-invalid=\"false\"   \/> <label class=\"gform-field-label gform-field-label--type-inline gfield_consent_label\" for='input_5_9_1' >Met het invullen van dit formulier geef ik toestemming aan CORES Development voor het verwerken van mijn persoonsgegevens en ga akkoord met de inhoud van de <a href=\"https:\/\/coresdevelopment.be\/privacy-verklaring\/\">privacyverklaring<\/a>.<span class=\"gfield_required gfield_required_asterisk\">*<\/span><\/label><input type='hidden' name='input_9.2' value='Met het invullen van dit formulier geef ik toestemming aan CORES Development voor het verwerken van mijn persoonsgegevens en ga akkoord met de inhoud van de &lt;a href=&quot;https:\/\/coresdevelopment.be\/privacy-verklaring\/&quot;&gt;privacyverklaring&lt;\/a&gt;.' class='gform_hidden' \/><input type='hidden' name='input_9.3' value='5' class='gform_hidden' \/><\/div><\/fieldset><\/div><\/div>\n        <div class='gform-footer gform_footer top_label'> <input type='submit' id='gform_submit_button_5' class='gform_button btn btn-primary button' onclick='gform.submission.handleButtonClick(this);' data-submission-type='submit' value='Versturen'  \/> \n            <input type='hidden' class='gform_hidden' name='gform_submission_method' data-js='gform_submission_method_5' value='postback' \/>\n            <input type='hidden' class='gform_hidden' name='gform_theme' data-js='gform_theme_5' id='gform_theme_5' value='gravity-theme' \/>\n            <input type='hidden' class='gform_hidden' name='gform_style_settings' data-js='gform_style_settings_5' id='gform_style_settings_5' value='[]' \/>\n            <input type='hidden' class='gform_hidden' name='is_submit_5' value='1' \/>\n            <input type='hidden' class='gform_hidden' name='gform_submit' value='5' \/>\n            \n            <input type='hidden' class='gform_hidden' name='gform_currency' data-currency='EUR' value='Y7NC3GHNHAiN1e5yvvqA9Exfv9h0boW9x0uKdnFnJCZswK7C72CvNhFkZ4LaGXYyB\/iDSmMwMijGejTuYBpq+XT3N8GoDM9lBuzTqCXvN70hNcY=' \/>\n            <input type='hidden' class='gform_hidden' name='gform_unique_id' value='' \/>\n            <input type='hidden' class='gform_hidden' name='state_5' value='WyJ7XCI5LjFcIjpcImJhNTk3ZmJmMGFhMDI0Y2RiYjdjYWQyYjQ5MWMxZWRmXCIsXCI5LjJcIjpcIjIzZjM4MWU0NmQyZjU3ZTBhYmY3NzQ3ZTI2ZmI3MjkyXCIsXCI5LjNcIjpcIjM1NWEwMzc0YjAwZGUxZDFmNjllMWNlOTczODQyMTdlXCJ9IiwiYjMyODJlMDM2ZjA3M2YxZTYzMDU4ODRhOWQ1MGQ4YzMiXQ==' \/>\n            <input type='hidden' autocomplete='off' class='gform_hidden' name='gform_target_page_number_5' id='gform_target_page_number_5' value='0' \/>\n            <input type='hidden' autocomplete='off' class='gform_hidden' name='gform_source_page_number_5' id='gform_source_page_number_5' value='1' \/>\n            <input type='hidden' name='gform_field_values' value='' \/>\n            \n        <\/div>\n                        <\/form>\n                        <\/div><script type=\"text\/javascript\">\n\/* <![CDATA[ *\/\n gform.initializeOnLoaded( function() {gformInitSpinner( 5, 'https:\/\/coresdevelopment.be\/plugins\/gravityforms\/images\/spinner.svg', true );jQuery('#gform_ajax_frame_5').on('load',function(){var contents = jQuery(this).contents().find('*').html();var is_postback = contents.indexOf('GF_AJAX_POSTBACK') >= 0;if(!is_postback){return;}var form_content = jQuery(this).contents().find('#gform_wrapper_5');var is_confirmation = jQuery(this).contents().find('#gform_confirmation_wrapper_5').length > 0;var is_redirect = contents.indexOf('gformRedirect(){') >= 0;var is_form = form_content.length > 0 && ! is_redirect && ! is_confirmation;var mt = parseInt(jQuery('html').css('margin-top'), 10) + parseInt(jQuery('body').css('margin-top'), 10) + 100;if(is_form){jQuery('#gform_wrapper_5').html(form_content.html());if(form_content.hasClass('gform_validation_error')){jQuery('#gform_wrapper_5').addClass('gform_validation_error');} else {jQuery('#gform_wrapper_5').removeClass('gform_validation_error');}setTimeout( function() { \/* delay the scroll by 50 milliseconds to fix a bug in chrome *\/  }, 50 );if(window['gformInitDatepicker']) {gformInitDatepicker();}if(window['gformInitPriceFields']) {gformInitPriceFields();}var current_page = jQuery('#gform_source_page_number_5').val();gformInitSpinner( 5, 'https:\/\/coresdevelopment.be\/plugins\/gravityforms\/images\/spinner.svg', true );jQuery(document).trigger('gform_page_loaded', [5, current_page]);window['gf_submitting_5'] = false;}else if(!is_redirect){var confirmation_content = jQuery(this).contents().find('.GF_AJAX_POSTBACK').html();if(!confirmation_content){confirmation_content = contents;}jQuery('#gform_wrapper_5').replaceWith(confirmation_content);jQuery(document).trigger('gform_confirmation_loaded', [5]);window['gf_submitting_5'] = false;wp.a11y.speak(jQuery('#gform_confirmation_message_5').text());}else{jQuery('#gform_5').append(contents);if(window['gformRedirect']) {gformRedirect();}}jQuery(document).trigger(\"gform_pre_post_render\", [{ formId: \"5\", currentPage: \"current_page\", abort: function() { this.preventDefault(); } }]);        if (event && event.defaultPrevented) {                return;        }        const gformWrapperDiv = document.getElementById( \"gform_wrapper_5\" );        if ( gformWrapperDiv ) {            const visibilitySpan = document.createElement( \"span\" );            visibilitySpan.id = \"gform_visibility_test_5\";            gformWrapperDiv.insertAdjacentElement( \"afterend\", visibilitySpan );        }        const visibilityTestDiv = document.getElementById( \"gform_visibility_test_5\" );        let postRenderFired = false;        function triggerPostRender() {            if ( postRenderFired ) {                return;            }            postRenderFired = true;            gform.core.triggerPostRenderEvents( 5, current_page );            if ( visibilityTestDiv ) {                visibilityTestDiv.parentNode.removeChild( visibilityTestDiv );            }        }        function debounce( func, wait, immediate ) {            var timeout;            return function() {                var context = this, args = arguments;                var later = function() {                    timeout = null;                    if ( !immediate ) func.apply( context, args );                };                var callNow = immediate && !timeout;                clearTimeout( timeout );                timeout = setTimeout( later, wait );                if ( callNow ) func.apply( context, args );            };        }        const debouncedTriggerPostRender = debounce( function() {            triggerPostRender();        }, 200 );        if ( visibilityTestDiv && visibilityTestDiv.offsetParent === null ) {            const observer = new MutationObserver( ( mutations ) => {                mutations.forEach( ( mutation ) => {                    if ( mutation.type === 'attributes' && visibilityTestDiv.offsetParent !== null ) {                        debouncedTriggerPostRender();                        observer.disconnect();                    }                });            });            observer.observe( document.body, {                attributes: true,                childList: false,                subtree: true,                attributeFilter: [ 'style', 'class' ],            });        } else {            triggerPostRender();        }    } );} ); \n\/* ]]> *\/\n<\/script>\n\n\n<\/div>\n        <\/div>\n    <\/div>\n<\/div>\n","protected":false},"excerpt":{"rendered":"","protected":false},"author":1,"featured_media":0,"parent":0,"menu_order":0,"comment_status":"closed","ping_status":"closed","template":"templates\/template-jobs.php","meta":{"_acf_changed":false,"footnotes":""},"class_list":["post-791","page","type-page","status-publish","hentry"],"acf":[],"yoast_head":"<!-- This site is optimized with the Yoast SEO plugin v24.9 - https:\/\/yoast.com\/wordpress\/plugins\/seo\/ -->\n<title>Jobs - Cores Development<\/title>\n<meta name=\"robots\" content=\"index, follow, max-snippet:-1, max-image-preview:large, max-video-preview:-1\" \/>\n<link rel=\"canonical\" href=\"https:\/\/coresdevelopment.be\/fr\/jobs\/\" \/>\n<meta property=\"og:locale\" content=\"fr_FR\" \/>\n<meta property=\"og:type\" content=\"article\" \/>\n<meta property=\"og:title\" content=\"Jobs - Cores Development\" \/>\n<meta property=\"og:url\" content=\"https:\/\/coresdevelopment.be\/fr\/jobs\/\" \/>\n<meta property=\"og:site_name\" content=\"Cores Development\" \/>\n<meta property=\"article:modified_time\" content=\"2022-09-22T13:41:12+00:00\" \/>\n<meta name=\"twitter:card\" content=\"summary_large_image\" \/>\n<script type=\"application\/ld+json\" class=\"yoast-schema-graph\">{\"@context\":\"https:\/\/schema.org\",\"@graph\":[{\"@type\":\"WebPage\",\"@id\":\"https:\/\/coresdevelopment.be\/fr\/jobs\/\",\"url\":\"https:\/\/coresdevelopment.be\/fr\/jobs\/\",\"name\":\"Jobs - Cores Development\",\"isPartOf\":{\"@id\":\"https:\/\/coresdevelopment.be\/#website\"},\"datePublished\":\"2022-07-22T13:42:26+00:00\",\"dateModified\":\"2022-09-22T13:41:12+00:00\",\"breadcrumb\":{\"@id\":\"https:\/\/coresdevelopment.be\/fr\/jobs\/#breadcrumb\"},\"inLanguage\":\"fr-FR\",\"potentialAction\":[{\"@type\":\"ReadAction\",\"target\":[\"https:\/\/coresdevelopment.be\/fr\/jobs\/\"]}]},{\"@type\":\"BreadcrumbList\",\"@id\":\"https:\/\/coresdevelopment.be\/fr\/jobs\/#breadcrumb\",\"itemListElement\":[{\"@type\":\"ListItem\",\"position\":1,\"name\":\"Home\",\"item\":\"https:\/\/coresdevelopment.be\/fr\/\"},{\"@type\":\"ListItem\",\"position\":2,\"name\":\"Jobs\"}]},{\"@type\":\"WebSite\",\"@id\":\"https:\/\/coresdevelopment.be\/#website\",\"url\":\"https:\/\/coresdevelopment.be\/\",\"name\":\"Cores Development\",\"description\":\"En nog een WordPress site\",\"potentialAction\":[{\"@type\":\"SearchAction\",\"target\":{\"@type\":\"EntryPoint\",\"urlTemplate\":\"https:\/\/coresdevelopment.be\/?s={search_term_string}\"},\"query-input\":{\"@type\":\"PropertyValueSpecification\",\"valueRequired\":true,\"valueName\":\"search_term_string\"}}],\"inLanguage\":\"fr-FR\"}]}<\/script>\n<!-- \/ Yoast SEO plugin. -->","yoast_head_json":{"title":"Jobs - Cores Development","robots":{"index":"index","follow":"follow","max-snippet":"max-snippet:-1","max-image-preview":"max-image-preview:large","max-video-preview":"max-video-preview:-1"},"canonical":"https:\/\/coresdevelopment.be\/fr\/jobs\/","og_locale":"fr_FR","og_type":"article","og_title":"Jobs - Cores Development","og_url":"https:\/\/coresdevelopment.be\/fr\/jobs\/","og_site_name":"Cores Development","article_modified_time":"2022-09-22T13:41:12+00:00","twitter_card":"summary_large_image","schema":{"@context":"https:\/\/schema.org","@graph":[{"@type":"WebPage","@id":"https:\/\/coresdevelopment.be\/fr\/jobs\/","url":"https:\/\/coresdevelopment.be\/fr\/jobs\/","name":"Jobs - Cores Development","isPartOf":{"@id":"https:\/\/coresdevelopment.be\/#website"},"datePublished":"2022-07-22T13:42:26+00:00","dateModified":"2022-09-22T13:41:12+00:00","breadcrumb":{"@id":"https:\/\/coresdevelopment.be\/fr\/jobs\/#breadcrumb"},"inLanguage":"fr-FR","potentialAction":[{"@type":"ReadAction","target":["https:\/\/coresdevelopment.be\/fr\/jobs\/"]}]},{"@type":"BreadcrumbList","@id":"https:\/\/coresdevelopment.be\/fr\/jobs\/#breadcrumb","itemListElement":[{"@type":"ListItem","position":1,"name":"Home","item":"https:\/\/coresdevelopment.be\/fr\/"},{"@type":"ListItem","position":2,"name":"Jobs"}]},{"@type":"WebSite","@id":"https:\/\/coresdevelopment.be\/#website","url":"https:\/\/coresdevelopment.be\/","name":"Cores Development","description":"En nog een WordPress site","potentialAction":[{"@type":"SearchAction","target":{"@type":"EntryPoint","urlTemplate":"https:\/\/coresdevelopment.be\/?s={search_term_string}"},"query-input":{"@type":"PropertyValueSpecification","valueRequired":true,"valueName":"search_term_string"}}],"inLanguage":"fr-FR"}]}},"_links":{"self":[{"href":"https:\/\/coresdevelopment.be\/fr\/wp-json\/wp\/v2\/pages\/791","targetHints":{"allow":["GET"]}}],"collection":[{"href":"https:\/\/coresdevelopment.be\/fr\/wp-json\/wp\/v2\/pages"}],"about":[{"href":"https:\/\/coresdevelopment.be\/fr\/wp-json\/wp\/v2\/types\/page"}],"author":[{"embeddable":true,"href":"https:\/\/coresdevelopment.be\/fr\/wp-json\/wp\/v2\/users\/1"}],"replies":[{"embeddable":true,"href":"https:\/\/coresdevelopment.be\/fr\/wp-json\/wp\/v2\/comments?post=791"}],"version-history":[{"count":2,"href":"https:\/\/coresdevelopment.be\/fr\/wp-json\/wp\/v2\/pages\/791\/revisions"}],"predecessor-version":[{"id":3994,"href":"https:\/\/coresdevelopment.be\/fr\/wp-json\/wp\/v2\/pages\/791\/revisions\/3994"}],"wp:attachment":[{"href":"https:\/\/coresdevelopment.be\/fr\/wp-json\/wp\/v2\/media?parent=791"}],"curies":[{"name":"wp","href":"https:\/\/api.w.org\/{rel}","templated":true}]}}